{"id":31,"date":"2020-05-03T15:33:10","date_gmt":"2020-05-03T15:33:10","guid":{"rendered":"http:\/\/mvs-mangstl.de\/?page_id=31"},"modified":"2020-05-04T09:54:49","modified_gmt":"2020-05-04T09:54:49","slug":"referenzen","status":"publish","type":"page","link":"http:\/\/mvs-mangstl.de\/?page_id=31","title":{"rendered":"Leistungen"},"content":{"rendered":"<h3>Wir bieten ihnen:<\/h3>\n<p>&#8211; Parkettb\u00f6den aus deutscher und \u00f6sterreichischer Produktion<\/p>\n<p>&#8211; Vinyl- und Laminatb\u00f6den von namhaften deutschen Herstellern<\/p>\n<p>&#8211; Zimmert\u00fcren in lackierter, furnierter oder beschichteter Ausf\u00fchrung<\/p>\n<p>&#8211; Fenster und T\u00fcren aus deutscher Produktion<\/p>\n<p>&#8211; Fensterwartungen und Reparaturen<\/p>\n<p>&#8211; M\u00f6belmontagen<\/p>\n<p>&#8211; Holzelemente f\u00fcr den Au\u00dfenbereich<\/p>\n<p>&#8211; Reparaturarbeiten<\/p>\n<p>&#8211; Handwerksdienstleistungen<\/p>\n\n\n<figure class=\"wp-block-gallery columns-4 wp-block-gallery-1 is-layout-flex wp-block-gallery-is-layout-flex\"><ul class=\"blocks-gallery-grid\"><li class=\"blocks-gallery-item\"><figure><img loading=\"lazy\" decoding=\"async\" width=\"230\" height=\"53\" src=\"http:\/\/mvs-mangstl.de\/wp-content\/uploads\/2020\/05\/Garant.gif\" alt=\"\" data-id=\"49\" data-full-url=\"http:\/\/mvs-mangstl.de\/wp-content\/uploads\/2020\/05\/Garant.gif\" data-link=\"http:\/\/mvs-mangstl.de\/?attachment_id=49\" class=\"wp-image-49\"\/><\/figure><\/li><li class=\"blocks-gallery-item\"><figure><img loading=\"lazy\" decoding=\"async\" width=\"264\" height=\"80\" src=\"http:\/\/mvs-mangstl.de\/wp-content\/uploads\/2020\/05\/astra.jpg\" alt=\"\" data-id=\"48\" data-full-url=\"http:\/\/mvs-mangstl.de\/wp-content\/uploads\/2020\/05\/astra.jpg\" data-link=\"http:\/\/mvs-mangstl.de\/?attachment_id=48\" class=\"wp-image-48\"\/><\/figure><\/li><li class=\"blocks-gallery-item\"><figure><img loading=\"lazy\" decoding=\"async\" width=\"176\" height=\"66\" src=\"http:\/\/mvs-mangstl.de\/wp-content\/uploads\/2020\/05\/jeldwen.jpg\" alt=\"\" data-id=\"51\" data-full-url=\"http:\/\/mvs-mangstl.de\/wp-content\/uploads\/2020\/05\/jeldwen.jpg\" data-link=\"http:\/\/mvs-mangstl.de\/?attachment_id=51\" class=\"wp-image-51\"\/><\/figure><\/li><li class=\"blocks-gallery-item\"><figure><img loading=\"lazy\" decoding=\"async\" width=\"155\" height=\"35\" src=\"http:\/\/mvs-mangstl.de\/wp-content\/uploads\/2020\/05\/meister_logo.jpg\" alt=\"\" data-id=\"54\" data-full-url=\"http:\/\/mvs-mangstl.de\/wp-content\/uploads\/2020\/05\/meister_logo.jpg\" data-link=\"http:\/\/mvs-mangstl.de\/?attachment_id=54\" class=\"wp-image-54\" srcset=\"http:\/\/mvs-mangstl.de\/wp-content\/uploads\/2020\/05\/meister_logo.jpg 155w, http:\/\/mvs-mangstl.de\/wp-content\/uploads\/2020\/05\/meister_logo-150x35.jpg 150w\" sizes=\"auto, (max-width: 155px) 100vw, 155px\" \/><\/figure><\/li><li class=\"blocks-gallery-item\"><figure><img loading=\"lazy\" decoding=\"async\" width=\"247\" height=\"116\" src=\"http:\/\/mvs-mangstl.de\/wp-content\/uploads\/2020\/05\/konold.jpg\" alt=\"\" data-id=\"52\" data-full-url=\"http:\/\/mvs-mangstl.de\/wp-content\/uploads\/2020\/05\/konold.jpg\" data-link=\"http:\/\/mvs-mangstl.de\/?attachment_id=52\" class=\"wp-image-52\"\/><\/figure><\/li><li class=\"blocks-gallery-item\"><figure><img loading=\"lazy\" decoding=\"async\" width=\"275\" height=\"183\" src=\"http:\/\/mvs-mangstl.de\/wp-content\/uploads\/2020\/05\/haro.jpg\" alt=\"\" data-id=\"50\" data-full-url=\"http:\/\/mvs-mangstl.de\/wp-content\/uploads\/2020\/05\/haro.jpg\" data-link=\"http:\/\/mvs-mangstl.de\/?attachment_id=50\" class=\"wp-image-50\"\/><\/figure><\/li><\/ul><\/figure>\n","protected":false},"excerpt":{"rendered":"<p>Wir bieten ihnen: &#8211; Parkettb\u00f6den aus deutscher und \u00f6sterreichischer Produktion &#8211; Vinyl- und Laminatb\u00f6den von namhaften deutschen Herstellern &#8211; Zimmert\u00fcren in lackierter, furnierter oder beschichteter Ausf\u00fchrung &#8211; Fenster und T\u00fcren aus deutscher Produktion &#8211; Fensterwartungen und Reparaturen &#8211; M\u00f6belmontagen &#8211; Holzelemente f\u00fcr den Au\u00dfenbereich &#8211; Reparaturarbeiten &#8211; Handwerksdienstleistungen<\/p>\n","protected":false},"author":2,"featured_media":0,"parent":0,"menu_order":0,"comment_status":"closed","ping_status":"closed","template":"","meta":{"footnotes":""},"class_list":["post-31","page","type-page","status-publish","hentry"],"_links":{"self":[{"href":"http:\/\/mvs-mangstl.de\/index.php?rest_route=\/wp\/v2\/pages\/31","targetHints":{"allow":["GET"]}}],"collection":[{"href":"http:\/\/mvs-mangstl.de\/index.php?rest_route=\/wp\/v2\/pages"}],"about":[{"href":"http:\/\/mvs-mangstl.de\/index.php?rest_route=\/wp\/v2\/types\/page"}],"author":[{"embeddable":true,"href":"http:\/\/mvs-mangstl.de\/index.php?rest_route=\/wp\/v2\/users\/2"}],"replies":[{"embeddable":true,"href":"http:\/\/mvs-mangstl.de\/index.php?rest_route=%2Fwp%2Fv2%2Fcomments&post=31"}],"version-history":[{"count":8,"href":"http:\/\/mvs-mangstl.de\/index.php?rest_route=\/wp\/v2\/pages\/31\/revisions"}],"predecessor-version":[{"id":101,"href":"http:\/\/mvs-mangstl.de\/index.php?rest_route=\/wp\/v2\/pages\/31\/revisions\/101"}],"wp:attachment":[{"href":"http:\/\/mvs-mangstl.de\/index.php?rest_route=%2Fwp%2Fv2%2Fmedia&parent=31"}],"curies":[{"name":"wp","href":"https:\/\/api.w.org\/{rel}","templated":true}]}}