{"id":30,"date":"2020-05-03T15:33:10","date_gmt":"2020-05-03T15:33:10","guid":{"rendered":"http:\/\/mvs-mangstl.de\/?page_id=30"},"modified":"2020-05-04T10:15:56","modified_gmt":"2020-05-04T10:15:56","slug":"ueber-uns","status":"publish","type":"page","link":"http:\/\/mvs-mangstl.de\/?page_id=30","title":{"rendered":"\u00dcber uns"},"content":{"rendered":"<h3>Wir sind ein kleines Familienunternehmen<\/h3>\n<p>und bieten ihnen kompetente Leistungen am Bau oder rund um Haus und Garten.<\/p>\n<p>Sie ben\u00f6tigen neue Bodenbel\u00e4ge aus Holz Vinyl oder Laminat? Oder neue Zimmert\u00fcren? &#8211; Dies und noch viel mehr bieten wir ihnen in altbew\u00e4hrter Handwerkstechnik. Ebenso wie die Wartung und Reparatur von Fenstern und Haust\u00fcren.<\/p>\n<p>Nehmen Sie doch einfach Kontakt mit uns auf, wir beraten sie gerne.<\/p>\n","protected":false},"excerpt":{"rendered":"<p>Wir sind ein kleines Familienunternehmen und bieten ihnen kompetente Leistungen am Bau oder rund um Haus und Garten. Sie ben\u00f6tigen neue Bodenbel\u00e4ge aus Holz Vinyl oder Laminat? Oder neue Zimmert\u00fcren? &#8211; Dies und noch viel mehr bieten wir ihnen in altbew\u00e4hrter Handwerkstechnik. Ebenso wie die Wartung und Reparatur von Fenstern und Haust\u00fcren. Nehmen Sie doch &hellip; <\/p>\n<p class=\"link-more\"><a href=\"http:\/\/mvs-mangstl.de\/?page_id=30\" class=\"more-link\"><span class=\"screen-reader-text\">\u201e\u00dcber uns\u201c<\/span> weiterlesen<\/a><\/p>\n","protected":false},"author":2,"featured_media":0,"parent":0,"menu_order":0,"comment_status":"closed","ping_status":"closed","template":"","meta":{"footnotes":""},"class_list":["post-30","page","type-page","status-publish","hentry"],"_links":{"self":[{"href":"http:\/\/mvs-mangstl.de\/index.php?rest_route=\/wp\/v2\/pages\/30","targetHints":{"allow":["GET"]}}],"collection":[{"href":"http:\/\/mvs-mangstl.de\/index.php?rest_route=\/wp\/v2\/pages"}],"about":[{"href":"http:\/\/mvs-mangstl.de\/index.php?rest_route=\/wp\/v2\/types\/page"}],"author":[{"embeddable":true,"href":"http:\/\/mvs-mangstl.de\/index.php?rest_route=\/wp\/v2\/users\/2"}],"replies":[{"embeddable":true,"href":"http:\/\/mvs-mangstl.de\/index.php?rest_route=%2Fwp%2Fv2%2Fcomments&post=30"}],"version-history":[{"count":4,"href":"http:\/\/mvs-mangstl.de\/index.php?rest_route=\/wp\/v2\/pages\/30\/revisions"}],"predecessor-version":[{"id":103,"href":"http:\/\/mvs-mangstl.de\/index.php?rest_route=\/wp\/v2\/pages\/30\/revisions\/103"}],"wp:attachment":[{"href":"http:\/\/mvs-mangstl.de\/index.php?rest_route=%2Fwp%2Fv2%2Fmedia&parent=30"}],"curies":[{"name":"wp","href":"https:\/\/api.w.org\/{rel}","templated":true}]}}